{"id":3170,"date":"2023-10-04T11:34:02","date_gmt":"2023-10-04T10:34:02","guid":{"rendered":"https:\/\/losputosarkada.com\/?post_type=product&#038;p=3170"},"modified":"2024-02-23T09:45:46","modified_gmt":"2024-02-23T08:45:46","slug":"psychosis-tour23-camiseta-support","status":"publish","type":"product","link":"https:\/\/losputosarkada.com\/en\/product\/psychosis-tour23-camiseta-support\/","title":{"rendered":"Psychosis Tour23 Camiseta Support"},"content":{"rendered":"<p>&#8220;Camiseta support&#8221; conmemorativa de la gira europea &#8220;Psychosis Tour\u00b423&#8221; que recorrer\u00e1 Espa\u00f1a, Francia, Suiza y Alemania.<\/p>\n<p>La parte delantera de la camiseta muestra lo que ser\u00e1 la portada emblema de la gira. Un conductor suicida que campa libremente por las carreteras europeas.<\/p>\n<p>En la espalda aparecen las diferentes ciudades donde tendr\u00e1 lugar los desfasados, excitantes y apocal\u00edpticos conciertos. Dos semanas de conciertos en los que se visitar\u00e1n Vallekas (SP), Le Cr\u00e8s (FR), Basel (CH), Strasbourg (FR), M\u00fcnchen (DE), Chemnitz (DE), Braunschweig (DE), Elmshorn (DE) y Sevilla (SP).<\/p>\n<p>Sala The Godfather, Asociaci\u00f3n Le Kjbi, Verein Off Bar, Le Local Bar, Kafe Marat, Zukunft Club, Caf\u00e9 Bar Spunk, Sala Apollo o Bar Mutante ser\u00e1n los <a href=\"https:\/\/losputosarkada.com\/en\/conciertos\/\">lugares de concierto<\/a>.<\/p>\n<p>Puedes ver m\u00e1s camisetas en la <a href=\"https:\/\/losputosarkada.com\/en\/tienda\/\">tienda.<\/a><\/p>\n<!--themify_builder_content-->\n<div id=\"themify_builder_content-3170\" data-postid=\"3170\" class=\"themify_builder_content themify_builder_content-3170 themify_builder tf_clear\">\n    <\/div>\n<!--\/themify_builder_content-->","protected":false},"excerpt":{"rendered":"<p>&#8220;Camiseta support&#8221; conmemorativa de la gira europea &#8220;Psychosis Tour\u00b423&#8221; que recorrer\u00e1 Espa\u00f1a, Francia, Suiza y Alemania. La parte delantera de la camiseta muestra lo que ser\u00e1 la portada emblema de la gira. Un conductor suicida que campa libremente por las carreteras europeas. En la espalda aparecen las diferentes ciudades donde tendr\u00e1 lugar los desfasados, excitantes [&hellip;]<\/p>","protected":false},"featured_media":3266,"comment_status":"open","ping_status":"closed","template":"","meta":{"om_disable_all_campaigns":false},"product_brand":[],"product_cat":[18],"product_tag":[41,40,39,42,35],"class_list":{"0":"post-3170","1":"product","2":"type-product","3":"status-publish","4":"has-post-thumbnail","6":"product_cat-tienda","7":"product_tag-psychosis-tour","8":"product_tag-punk-style","9":"product_tag-punk-t-shirt","10":"product_tag-support-t-shirt","11":"product_tag-underground","12":"has-post-title","13":"has-post-date","14":"has-post-category","15":"has-post-tag","16":"has-post-comment","17":"has-post-author","18":"","20":"first","21":"instock","22":"shipping-taxable","23":"purchasable","24":"product-type-simple"},"aioseo_notices":[],"yoast_head":"<!-- This site is optimized with the Yoast SEO Premium plugin v20.1 (Yoast SEO v24.6) - https:\/\/yoast.com\/wordpress\/plugins\/seo\/ -->\n<title>Psychosis Tour23 Camiseta Support - Los Putos Arkada<\/title>\n<meta name=\"description\" content=\"Camiseta support conmemorativa de la gira europea &quot;Psychosis Tour\u00b423&quot; que recorrer\u00e1 Espa\u00f1a, Francia, Suiza y Alemania. Camisetas impresas 100% a mano.\" \/>\n<meta name=\"robots\" content=\"index, follow, max-snippet:-1, max-image-preview:large, max-video-preview:-1\" \/>\n<link rel=\"canonical\" href=\"https:\/\/losputosarkada.com\/en\/product\/psychosis-tour23-camiseta-support\/\" \/>\n<meta property=\"og:locale\" content=\"en_US\" \/>\n<meta property=\"og:type\" content=\"article\" \/>\n<meta property=\"og:title\" content=\"Psychosis Tour23 Camiseta Support\" \/>\n<meta property=\"og:description\" content=\"Camiseta support conmemorativa de la gira europea &quot;Psychosis Tour\u00b423&quot; que recorrer\u00e1 Espa\u00f1a, Francia, Suiza y Alemania. Camisetas impresas 100% a mano.\" \/>\n<meta property=\"og:url\" content=\"https:\/\/losputosarkada.com\/en\/product\/psychosis-tour23-camiseta-support\/\" \/>\n<meta property=\"og:site_name\" content=\"Los Putos Arkada\" \/>\n<meta property=\"article:modified_time\" content=\"2024-02-23T08:45:46+00:00\" \/>\n<meta property=\"og:image\" content=\"https:\/\/losputosarkada.com\/wp-content\/uploads\/2023\/11\/Camiseta-Psychosis-Tour23.png\" \/>\n\t<meta property=\"og:image:width\" content=\"1080\" \/>\n\t<meta property=\"og:image:height\" content=\"1080\" \/>\n\t<meta property=\"og:image:type\" content=\"image\/png\" \/>\n<meta name=\"twitter:card\" content=\"summary_large_image\" \/>\n<meta name=\"twitter:label1\" content=\"Est. reading time\" \/>\n\t<meta name=\"twitter:data1\" content=\"1 minute\" \/>\n<script type=\"application\/ld+json\" class=\"yoast-schema-graph\">{\"@context\":\"https:\/\/schema.org\",\"@graph\":[{\"@type\":\"WebPage\",\"@id\":\"https:\/\/losputosarkada.com\/producto\/psychosis-tour23-camiseta-support\/\",\"url\":\"https:\/\/losputosarkada.com\/producto\/psychosis-tour23-camiseta-support\/\",\"name\":\"Psychosis Tour23 Camiseta Support - Los Putos Arkada\",\"isPartOf\":{\"@id\":\"https:\/\/losputosarkada.com\/#website\"},\"primaryImageOfPage\":{\"@id\":\"https:\/\/losputosarkada.com\/producto\/psychosis-tour23-camiseta-support\/#primaryimage\"},\"image\":{\"@id\":\"https:\/\/losputosarkada.com\/producto\/psychosis-tour23-camiseta-support\/#primaryimage\"},\"thumbnailUrl\":\"https:\/\/losputosarkada.com\/wp-content\/uploads\/2023\/11\/Camiseta-Psychosis-Tour23.png\",\"datePublished\":\"2023-10-04T10:34:02+00:00\",\"dateModified\":\"2024-02-23T08:45:46+00:00\",\"description\":\"Camiseta support conmemorativa de la gira europea \\\"Psychosis Tour\u00b423\\\" que recorrer\u00e1 Espa\u00f1a, Francia, Suiza y Alemania. Camisetas impresas 100% a mano.\",\"breadcrumb\":{\"@id\":\"https:\/\/losputosarkada.com\/producto\/psychosis-tour23-camiseta-support\/#breadcrumb\"},\"inLanguage\":\"en-US\",\"potentialAction\":[{\"@type\":\"ReadAction\",\"target\":[\"https:\/\/losputosarkada.com\/producto\/psychosis-tour23-camiseta-support\/\"]}]},{\"@type\":\"ImageObject\",\"inLanguage\":\"en-US\",\"@id\":\"https:\/\/losputosarkada.com\/producto\/psychosis-tour23-camiseta-support\/#primaryimage\",\"url\":\"https:\/\/losputosarkada.com\/wp-content\/uploads\/2023\/11\/Camiseta-Psychosis-Tour23.png\",\"contentUrl\":\"https:\/\/losputosarkada.com\/wp-content\/uploads\/2023\/11\/Camiseta-Psychosis-Tour23.png\",\"width\":1080,\"height\":1080,\"caption\":\"Camiseta Psychosis Tour\u00b423\"},{\"@type\":\"BreadcrumbList\",\"@id\":\"https:\/\/losputosarkada.com\/producto\/psychosis-tour23-camiseta-support\/#breadcrumb\",\"itemListElement\":[{\"@type\":\"ListItem\",\"position\":1,\"name\":\"Portada\",\"item\":\"https:\/\/losputosarkada.com\/\"},{\"@type\":\"ListItem\",\"position\":2,\"name\":\"Tienda\",\"item\":\"https:\/\/losputosarkada.com\/tienda\/\"},{\"@type\":\"ListItem\",\"position\":3,\"name\":\"Psychosis Tour23 Camiseta Support\"}]},{\"@type\":\"WebSite\",\"@id\":\"https:\/\/losputosarkada.com\/#website\",\"url\":\"https:\/\/losputosarkada.com\/\",\"name\":\"Los Putos Arkada\",\"description\":\"Punk Hardcore Trash Post-Apocal\u00edptico\",\"potentialAction\":[{\"@type\":\"SearchAction\",\"target\":{\"@type\":\"EntryPoint\",\"urlTemplate\":\"https:\/\/losputosarkada.com\/?s={search_term_string}\"},\"query-input\":{\"@type\":\"PropertyValueSpecification\",\"valueRequired\":true,\"valueName\":\"search_term_string\"}}],\"inLanguage\":\"en-US\"}]}<\/script>\n<!-- \/ Yoast SEO Premium plugin. -->","yoast_head_json":{"title":"Psychosis Tour23 Camiseta Support - Los Putos Arkada","description":"Camiseta support conmemorativa de la gira europea \"Psychosis Tour\u00b423\" que recorrer\u00e1 Espa\u00f1a, Francia, Suiza y Alemania. Camisetas impresas 100% a mano.","robots":{"index":"index","follow":"follow","max-snippet":"max-snippet:-1","max-image-preview":"max-image-preview:large","max-video-preview":"max-video-preview:-1"},"canonical":"https:\/\/losputosarkada.com\/en\/product\/psychosis-tour23-camiseta-support\/","og_locale":"en_US","og_type":"article","og_title":"Psychosis Tour23 Camiseta Support","og_description":"Camiseta support conmemorativa de la gira europea \"Psychosis Tour\u00b423\" que recorrer\u00e1 Espa\u00f1a, Francia, Suiza y Alemania. Camisetas impresas 100% a mano.","og_url":"https:\/\/losputosarkada.com\/en\/product\/psychosis-tour23-camiseta-support\/","og_site_name":"Los Putos Arkada","article_modified_time":"2024-02-23T08:45:46+00:00","og_image":[{"width":1080,"height":1080,"url":"https:\/\/losputosarkada.com\/wp-content\/uploads\/2023\/11\/Camiseta-Psychosis-Tour23.png","type":"image\/png"}],"twitter_card":"summary_large_image","twitter_misc":{"Est. reading time":"1 minute"},"schema":{"@context":"https:\/\/schema.org","@graph":[{"@type":"WebPage","@id":"https:\/\/losputosarkada.com\/producto\/psychosis-tour23-camiseta-support\/","url":"https:\/\/losputosarkada.com\/producto\/psychosis-tour23-camiseta-support\/","name":"Psychosis Tour23 Camiseta Support - Los Putos Arkada","isPartOf":{"@id":"https:\/\/losputosarkada.com\/#website"},"primaryImageOfPage":{"@id":"https:\/\/losputosarkada.com\/producto\/psychosis-tour23-camiseta-support\/#primaryimage"},"image":{"@id":"https:\/\/losputosarkada.com\/producto\/psychosis-tour23-camiseta-support\/#primaryimage"},"thumbnailUrl":"https:\/\/losputosarkada.com\/wp-content\/uploads\/2023\/11\/Camiseta-Psychosis-Tour23.png","datePublished":"2023-10-04T10:34:02+00:00","dateModified":"2024-02-23T08:45:46+00:00","description":"Camiseta support conmemorativa de la gira europea \"Psychosis Tour\u00b423\" que recorrer\u00e1 Espa\u00f1a, Francia, Suiza y Alemania. Camisetas impresas 100% a mano.","breadcrumb":{"@id":"https:\/\/losputosarkada.com\/producto\/psychosis-tour23-camiseta-support\/#breadcrumb"},"inLanguage":"en-US","potentialAction":[{"@type":"ReadAction","target":["https:\/\/losputosarkada.com\/producto\/psychosis-tour23-camiseta-support\/"]}]},{"@type":"ImageObject","inLanguage":"en-US","@id":"https:\/\/losputosarkada.com\/producto\/psychosis-tour23-camiseta-support\/#primaryimage","url":"https:\/\/losputosarkada.com\/wp-content\/uploads\/2023\/11\/Camiseta-Psychosis-Tour23.png","contentUrl":"https:\/\/losputosarkada.com\/wp-content\/uploads\/2023\/11\/Camiseta-Psychosis-Tour23.png","width":1080,"height":1080,"caption":"Camiseta Psychosis Tour\u00b423"},{"@type":"BreadcrumbList","@id":"https:\/\/losputosarkada.com\/producto\/psychosis-tour23-camiseta-support\/#breadcrumb","itemListElement":[{"@type":"ListItem","position":1,"name":"Portada","item":"https:\/\/losputosarkada.com\/"},{"@type":"ListItem","position":2,"name":"Tienda","item":"https:\/\/losputosarkada.com\/tienda\/"},{"@type":"ListItem","position":3,"name":"Psychosis Tour23 Camiseta Support"}]},{"@type":"WebSite","@id":"https:\/\/losputosarkada.com\/#website","url":"https:\/\/losputosarkada.com\/","name":"Los Putos Arkada","description":"Punk Hardcore Trash Post-Apocal\u00edptico","potentialAction":[{"@type":"SearchAction","target":{"@type":"EntryPoint","urlTemplate":"https:\/\/losputosarkada.com\/?s={search_term_string}"},"query-input":{"@type":"PropertyValueSpecification","valueRequired":true,"valueName":"search_term_string"}}],"inLanguage":"en-US"}]}},"builder_content":"","_links":{"self":[{"href":"https:\/\/losputosarkada.com\/en\/wp-json\/wp\/v2\/product\/3170","targetHints":{"allow":["GET"]}}],"collection":[{"href":"https:\/\/losputosarkada.com\/en\/wp-json\/wp\/v2\/product"}],"about":[{"href":"https:\/\/losputosarkada.com\/en\/wp-json\/wp\/v2\/types\/product"}],"replies":[{"embeddable":true,"href":"https:\/\/losputosarkada.com\/en\/wp-json\/wp\/v2\/comments?post=3170"}],"wp:featuredmedia":[{"embeddable":true,"href":"https:\/\/losputosarkada.com\/en\/wp-json\/wp\/v2\/media\/3266"}],"wp:attachment":[{"href":"https:\/\/losputosarkada.com\/en\/wp-json\/wp\/v2\/media?parent=3170"}],"wp:term":[{"taxonomy":"product_brand","embeddable":true,"href":"https:\/\/losputosarkada.com\/en\/wp-json\/wp\/v2\/product_brand?post=3170"},{"taxonomy":"product_cat","embeddable":true,"href":"https:\/\/losputosarkada.com\/en\/wp-json\/wp\/v2\/product_cat?post=3170"},{"taxonomy":"product_tag","embeddable":true,"href":"https:\/\/losputosarkada.com\/en\/wp-json\/wp\/v2\/product_tag?post=3170"}],"curies":[{"name":"wp","href":"https:\/\/api.w.org\/{rel}","templated":true}]}}