{"id":293,"date":"2022-11-18T13:55:10","date_gmt":"2022-11-18T12:55:10","guid":{"rendered":"https:\/\/losputosarkada.com\/?post_type=product&#038;p=293"},"modified":"2023-11-21T09:23:48","modified_gmt":"2023-11-21T08:23:48","slug":"camiseta-motorista-nuclear-ref-02mn","status":"publish","type":"product","link":"https:\/\/losputosarkada.com\/en\/product\/camiseta-motorista-nuclear-ref-02mn\/","title":{"rendered":"Camiseta Moteros de Satan\u00e1s"},"content":{"rendered":"<p><img fetchpriority=\"high\" decoding=\"async\" class=\"alignnone size-medium wp-image-2576\" src=\"https:\/\/losputosarkada.com\/wp-content\/uploads\/2023\/01\/cami_espaldera__portada_moteros-559x559.jpg\" alt=\"\" width=\"559\" height=\"559\" srcset=\"https:\/\/losputosarkada.com\/wp-content\/uploads\/2023\/01\/cami_espaldera__portada_moteros-559x559.jpg 559w, https:\/\/losputosarkada.com\/wp-content\/uploads\/2023\/01\/cami_espaldera__portada_moteros-1024x1024.jpg 1024w, https:\/\/losputosarkada.com\/wp-content\/uploads\/2023\/01\/cami_espaldera__portada_moteros-150x150.jpg 150w, https:\/\/losputosarkada.com\/wp-content\/uploads\/2023\/01\/cami_espaldera__portada_moteros-768x768.jpg 768w, https:\/\/losputosarkada.com\/wp-content\/uploads\/2023\/01\/cami_espaldera__portada_moteros-1536x1536.jpg 1536w, https:\/\/losputosarkada.com\/wp-content\/uploads\/2023\/01\/cami_espaldera__portada_moteros-2048x2048.jpg 2048w, https:\/\/losputosarkada.com\/wp-content\/uploads\/2023\/01\/cami_espaldera__portada_moteros-300x300.jpg 300w, https:\/\/losputosarkada.com\/wp-content\/uploads\/2023\/01\/cami_espaldera__portada_moteros-600x600.jpg 600w, https:\/\/losputosarkada.com\/wp-content\/uploads\/2023\/01\/cami_espaldera__portada_moteros-100x100.jpg 100w\" sizes=\"(max-width: 559px) 100vw, 559px\" \/><\/p>\n<p>Camiseta Motorista Nuclear, de la portada de su trabajo &#8220;Holocausto nuclear&#8221;. Toxicidad y macarrismo en un camiset\u00f3n cojonudo. 100% Serigrafiadas a mano. Con tallas para chicas y chicos. Si no ves tu talla, p\u00eddela por la web o contacta en &#8220;putosarkada@gmail.com&#8221;.<\/p>\n<p>\u00c9chale un vistazo al resto de la <a href=\"https:\/\/losputosarkada.com\/en\/tienda\/\">tienda<\/a><\/p>\n<!--themify_builder_content-->\n<div id=\"themify_builder_content-293\" data-postid=\"293\" class=\"themify_builder_content themify_builder_content-293 themify_builder tf_clear\">\n    <\/div>\n<!--\/themify_builder_content-->","protected":false},"excerpt":{"rendered":"<p>Camiseta Motorista Nuclear, de la portada de su trabajo &#8220;Holocausto nuclear&#8221;. Toxicidad y macarrismo en un camiset\u00f3n cojonudo. 100% Serigrafiadas a mano. Con tallas para chicas y chicos. Si no ves tu talla, p\u00eddela por la web o contacta en &#8220;putosarkada@gmail.com&#8221;. \u00c9chale un vistazo al resto de la tienda<\/p>","protected":false},"featured_media":3282,"comment_status":"open","ping_status":"closed","template":"","meta":{"om_disable_all_campaigns":false},"product_brand":[],"product_cat":[18],"product_tag":[27,33,23,36,28,32,38,29,37,22,34,35],"class_list":{"0":"post-293","1":"product","2":"type-product","3":"status-publish","4":"has-post-thumbnail","6":"product_cat-tienda","7":"product_tag-camiseta","8":"product_tag-hardcore","9":"product_tag-los-putos-arkada","10":"product_tag-merchandising-underground","11":"product_tag-motorista-nuclear","12":"product_tag-punk","13":"product_tag-punk-rock","14":"product_tag-radioactivo","15":"product_tag-rock","16":"product_tag-termonuclear","17":"product_tag-thrash","18":"product_tag-underground","19":"has-post-title","20":"has-post-date","21":"has-post-category","22":"has-post-tag","23":"has-post-comment","24":"has-post-author","25":"","27":"first","28":"instock","29":"featured","30":"shipping-taxable","31":"purchasable","32":"product-type-simple"},"aioseo_notices":[],"yoast_head":"<!-- This site is optimized with the Yoast SEO Premium plugin v20.1 (Yoast SEO v24.6) - https:\/\/yoast.com\/wordpress\/plugins\/seo\/ -->\n<title>Camiseta Moteros de Satan\u00e1s - Los Putos Arkada<\/title>\n<meta name=\"description\" content=\"Camiseta Motorista Nuclear, de la portada de su trabajo &quot;Holocausto nuclear&quot;. Toxicidad y macarrismo en una camiset\u00f3n cojonudo. 100% Serigrafiadas a mano.\" \/>\n<meta name=\"robots\" content=\"index, follow, max-snippet:-1, max-image-preview:large, max-video-preview:-1\" \/>\n<link rel=\"canonical\" href=\"https:\/\/losputosarkada.com\/en\/product\/camiseta-motorista-nuclear-ref-02mn\/\" \/>\n<meta property=\"og:locale\" content=\"en_US\" \/>\n<meta property=\"og:type\" content=\"article\" \/>\n<meta property=\"og:title\" content=\"Camiseta Moteros de Satan\u00e1s\" \/>\n<meta property=\"og:description\" content=\"Camiseta Motorista Nuclear, de la portada de su trabajo &quot;Holocausto nuclear&quot;. Toxicidad y macarrismo en una camiset\u00f3n cojonudo. 100% Serigrafiadas a mano.\" \/>\n<meta property=\"og:url\" content=\"https:\/\/losputosarkada.com\/en\/product\/camiseta-motorista-nuclear-ref-02mn\/\" \/>\n<meta property=\"og:site_name\" content=\"Los Putos Arkada\" \/>\n<meta property=\"article:modified_time\" content=\"2023-11-21T08:23:48+00:00\" \/>\n<meta property=\"og:image\" content=\"https:\/\/losputosarkada.com\/wp-content\/uploads\/2023\/10\/Motero-T-Shirt-Web.png\" \/>\n\t<meta property=\"og:image:width\" content=\"1080\" \/>\n\t<meta property=\"og:image:height\" content=\"1080\" \/>\n\t<meta property=\"og:image:type\" content=\"image\/png\" \/>\n<meta name=\"twitter:card\" content=\"summary_large_image\" \/>\n<meta name=\"twitter:label1\" content=\"Est. reading time\" \/>\n\t<meta name=\"twitter:data1\" content=\"1 minute\" \/>\n<script type=\"application\/ld+json\" class=\"yoast-schema-graph\">{\"@context\":\"https:\/\/schema.org\",\"@graph\":[{\"@type\":\"WebPage\",\"@id\":\"https:\/\/losputosarkada.com\/producto\/camiseta-motorista-nuclear-ref-02mn\/\",\"url\":\"https:\/\/losputosarkada.com\/producto\/camiseta-motorista-nuclear-ref-02mn\/\",\"name\":\"Camiseta Moteros de Satan\u00e1s - Los Putos Arkada\",\"isPartOf\":{\"@id\":\"https:\/\/losputosarkada.com\/#website\"},\"primaryImageOfPage\":{\"@id\":\"https:\/\/losputosarkada.com\/producto\/camiseta-motorista-nuclear-ref-02mn\/#primaryimage\"},\"image\":{\"@id\":\"https:\/\/losputosarkada.com\/producto\/camiseta-motorista-nuclear-ref-02mn\/#primaryimage\"},\"thumbnailUrl\":\"https:\/\/losputosarkada.com\/wp-content\/uploads\/2023\/10\/Motero-T-Shirt-Web.png\",\"datePublished\":\"2022-11-18T12:55:10+00:00\",\"dateModified\":\"2023-11-21T08:23:48+00:00\",\"description\":\"Camiseta Motorista Nuclear, de la portada de su trabajo \\\"Holocausto nuclear\\\". Toxicidad y macarrismo en una camiset\u00f3n cojonudo. 100% Serigrafiadas a mano.\",\"breadcrumb\":{\"@id\":\"https:\/\/losputosarkada.com\/producto\/camiseta-motorista-nuclear-ref-02mn\/#breadcrumb\"},\"inLanguage\":\"en-US\",\"potentialAction\":[{\"@type\":\"ReadAction\",\"target\":[\"https:\/\/losputosarkada.com\/producto\/camiseta-motorista-nuclear-ref-02mn\/\"]}]},{\"@type\":\"ImageObject\",\"inLanguage\":\"en-US\",\"@id\":\"https:\/\/losputosarkada.com\/producto\/camiseta-motorista-nuclear-ref-02mn\/#primaryimage\",\"url\":\"https:\/\/losputosarkada.com\/wp-content\/uploads\/2023\/10\/Motero-T-Shirt-Web.png\",\"contentUrl\":\"https:\/\/losputosarkada.com\/wp-content\/uploads\/2023\/10\/Motero-T-Shirt-Web.png\",\"width\":1080,\"height\":1080,\"caption\":\"Camiseta Moteros de Satanas\"},{\"@type\":\"BreadcrumbList\",\"@id\":\"https:\/\/losputosarkada.com\/producto\/camiseta-motorista-nuclear-ref-02mn\/#breadcrumb\",\"itemListElement\":[{\"@type\":\"ListItem\",\"position\":1,\"name\":\"Portada\",\"item\":\"https:\/\/losputosarkada.com\/\"},{\"@type\":\"ListItem\",\"position\":2,\"name\":\"Tienda\",\"item\":\"https:\/\/losputosarkada.com\/tienda\/\"},{\"@type\":\"ListItem\",\"position\":3,\"name\":\"Camiseta Moteros de Satan\u00e1s\"}]},{\"@type\":\"WebSite\",\"@id\":\"https:\/\/losputosarkada.com\/#website\",\"url\":\"https:\/\/losputosarkada.com\/\",\"name\":\"Los Putos Arkada\",\"description\":\"Punk Hardcore Trash Post-Apocal\u00edptico\",\"potentialAction\":[{\"@type\":\"SearchAction\",\"target\":{\"@type\":\"EntryPoint\",\"urlTemplate\":\"https:\/\/losputosarkada.com\/?s={search_term_string}\"},\"query-input\":{\"@type\":\"PropertyValueSpecification\",\"valueRequired\":true,\"valueName\":\"search_term_string\"}}],\"inLanguage\":\"en-US\"}]}<\/script>\n<!-- \/ Yoast SEO Premium plugin. -->","yoast_head_json":{"title":"Camiseta Moteros de Satan\u00e1s - Los Putos Arkada","description":"Camiseta Motorista Nuclear, de la portada de su trabajo \"Holocausto nuclear\". Toxicidad y macarrismo en una camiset\u00f3n cojonudo. 100% Serigrafiadas a mano.","robots":{"index":"index","follow":"follow","max-snippet":"max-snippet:-1","max-image-preview":"max-image-preview:large","max-video-preview":"max-video-preview:-1"},"canonical":"https:\/\/losputosarkada.com\/en\/product\/camiseta-motorista-nuclear-ref-02mn\/","og_locale":"en_US","og_type":"article","og_title":"Camiseta Moteros de Satan\u00e1s","og_description":"Camiseta Motorista Nuclear, de la portada de su trabajo \"Holocausto nuclear\". Toxicidad y macarrismo en una camiset\u00f3n cojonudo. 100% Serigrafiadas a mano.","og_url":"https:\/\/losputosarkada.com\/en\/product\/camiseta-motorista-nuclear-ref-02mn\/","og_site_name":"Los Putos Arkada","article_modified_time":"2023-11-21T08:23:48+00:00","og_image":[{"width":1080,"height":1080,"url":"https:\/\/losputosarkada.com\/wp-content\/uploads\/2023\/10\/Motero-T-Shirt-Web.png","type":"image\/png"}],"twitter_card":"summary_large_image","twitter_misc":{"Est. reading time":"1 minute"},"schema":{"@context":"https:\/\/schema.org","@graph":[{"@type":"WebPage","@id":"https:\/\/losputosarkada.com\/producto\/camiseta-motorista-nuclear-ref-02mn\/","url":"https:\/\/losputosarkada.com\/producto\/camiseta-motorista-nuclear-ref-02mn\/","name":"Camiseta Moteros de Satan\u00e1s - Los Putos Arkada","isPartOf":{"@id":"https:\/\/losputosarkada.com\/#website"},"primaryImageOfPage":{"@id":"https:\/\/losputosarkada.com\/producto\/camiseta-motorista-nuclear-ref-02mn\/#primaryimage"},"image":{"@id":"https:\/\/losputosarkada.com\/producto\/camiseta-motorista-nuclear-ref-02mn\/#primaryimage"},"thumbnailUrl":"https:\/\/losputosarkada.com\/wp-content\/uploads\/2023\/10\/Motero-T-Shirt-Web.png","datePublished":"2022-11-18T12:55:10+00:00","dateModified":"2023-11-21T08:23:48+00:00","description":"Camiseta Motorista Nuclear, de la portada de su trabajo \"Holocausto nuclear\". Toxicidad y macarrismo en una camiset\u00f3n cojonudo. 100% Serigrafiadas a mano.","breadcrumb":{"@id":"https:\/\/losputosarkada.com\/producto\/camiseta-motorista-nuclear-ref-02mn\/#breadcrumb"},"inLanguage":"en-US","potentialAction":[{"@type":"ReadAction","target":["https:\/\/losputosarkada.com\/producto\/camiseta-motorista-nuclear-ref-02mn\/"]}]},{"@type":"ImageObject","inLanguage":"en-US","@id":"https:\/\/losputosarkada.com\/producto\/camiseta-motorista-nuclear-ref-02mn\/#primaryimage","url":"https:\/\/losputosarkada.com\/wp-content\/uploads\/2023\/10\/Motero-T-Shirt-Web.png","contentUrl":"https:\/\/losputosarkada.com\/wp-content\/uploads\/2023\/10\/Motero-T-Shirt-Web.png","width":1080,"height":1080,"caption":"Camiseta Moteros de Satanas"},{"@type":"BreadcrumbList","@id":"https:\/\/losputosarkada.com\/producto\/camiseta-motorista-nuclear-ref-02mn\/#breadcrumb","itemListElement":[{"@type":"ListItem","position":1,"name":"Portada","item":"https:\/\/losputosarkada.com\/"},{"@type":"ListItem","position":2,"name":"Tienda","item":"https:\/\/losputosarkada.com\/tienda\/"},{"@type":"ListItem","position":3,"name":"Camiseta Moteros de Satan\u00e1s"}]},{"@type":"WebSite","@id":"https:\/\/losputosarkada.com\/#website","url":"https:\/\/losputosarkada.com\/","name":"Los Putos Arkada","description":"Punk Hardcore Trash Post-Apocal\u00edptico","potentialAction":[{"@type":"SearchAction","target":{"@type":"EntryPoint","urlTemplate":"https:\/\/losputosarkada.com\/?s={search_term_string}"},"query-input":{"@type":"PropertyValueSpecification","valueRequired":true,"valueName":"search_term_string"}}],"inLanguage":"en-US"}]}},"builder_content":"","_links":{"self":[{"href":"https:\/\/losputosarkada.com\/en\/wp-json\/wp\/v2\/product\/293","targetHints":{"allow":["GET"]}}],"collection":[{"href":"https:\/\/losputosarkada.com\/en\/wp-json\/wp\/v2\/product"}],"about":[{"href":"https:\/\/losputosarkada.com\/en\/wp-json\/wp\/v2\/types\/product"}],"replies":[{"embeddable":true,"href":"https:\/\/losputosarkada.com\/en\/wp-json\/wp\/v2\/comments?post=293"}],"wp:featuredmedia":[{"embeddable":true,"href":"https:\/\/losputosarkada.com\/en\/wp-json\/wp\/v2\/media\/3282"}],"wp:attachment":[{"href":"https:\/\/losputosarkada.com\/en\/wp-json\/wp\/v2\/media?parent=293"}],"wp:term":[{"taxonomy":"product_brand","embeddable":true,"href":"https:\/\/losputosarkada.com\/en\/wp-json\/wp\/v2\/product_brand?post=293"},{"taxonomy":"product_cat","embeddable":true,"href":"https:\/\/losputosarkada.com\/en\/wp-json\/wp\/v2\/product_cat?post=293"},{"taxonomy":"product_tag","embeddable":true,"href":"https:\/\/losputosarkada.com\/en\/wp-json\/wp\/v2\/product_tag?post=293"}],"curies":[{"name":"wp","href":"https:\/\/api.w.org\/{rel}","templated":true}]}}