{"id":2741,"date":"2023-02-18T14:13:09","date_gmt":"2023-02-18T13:13:09","guid":{"rendered":"https:\/\/losputosarkada.com\/?page_id=2741"},"modified":"2023-05-09T05:46:52","modified_gmt":"2023-05-09T04:46:52","slug":"blog-somos-4-ratas-de-cementerio-los-putos-arkada","status":"publish","type":"page","link":"https:\/\/losputosarkada.com\/en\/blog-somos-4-ratas-de-cementerio-los-putos-arkada\/","title":{"rendered":"Somos 4 ratas de cementerio"},"content":{"rendered":"<!--themify_builder_content-->\n<div id=\"themify_builder_content-2741\" data-postid=\"2741\" class=\"themify_builder_content themify_builder_content-2741 themify_builder tf_clear\">\n    <\/div>\n<!--\/themify_builder_content--><h2>4 ratas de cementerio.\u00a0<\/h2>\n<p>\u00bfY a qui\u00e9n le importa esto? \u00bfEsta historia es solo &#8220;rock and roll&#8221;?<\/p>\n<p>Pues si est\u00e1s aqu\u00ed es porque te ha picado la curiosidad de estos tipos&#8230; \u00bfEn serio? \u00bfNo tienes nada mejor que hacer? Bueno, pues nada, seguimos adelante.<\/p>\n<h2>\u00bfQu\u00e9 vas a encontrar aqu\u00ed sobre estas 4 ratas?<\/h2>\n<p>Pues bien, creemos que este blog ser\u00eda un buen m\u00e9todo para compartir nuestras experiencias como banda (de rock and roll, punk rock, punk hardcore, thrash o ll\u00e1male como quieras) con vosotros y vosotras. Compartir nuestras experiencias con otras bandas que empiezan en este <a href=\"https:\/\/fack0ff-record.com\/index.php\/2023\/04\/30\/que-es-el-underground\/\">mundillo del underground<\/a> o que llevan muchos a\u00f1os y quieren aportar ideas a los m\u00e1s j\u00f3venes.<br \/>Es una buena manera de aprender de los errores de otros y transmitir los propios. Aprenderemos mutuamente. Eso es seguro.<\/p>\n<h2>\u00bfQui\u00e9n son Los Putos Arkada?<\/h2>\n<p>Estas 4 ratas de cementerio llamados &#8220;Arkada&#8221; nacen en Montilla (C\u00f3rdoba) en verano 2006 de la mano de Sergio (guitarra y voz),\u00a0Veredas (guitarra) y Chus (bater\u00eda). Pues de momento solo son 3 ratas influenciadas por bandas m\u00edticas del rock radical vasco, como Eskorbuto, Rip, Cicatriz, MCD o V\u00f3mito que deciden comenzar un proyecto propio. Pronto se une Kike (bajo y voz), quien aporta nuevas influencias del metal (thrash, black) y punk (UK82, hardcore punk escandinavo 80\u2019s, d-beat). Ahora si son 4 ratas de cementerio.<br \/>Durante 2-3 a\u00f1os, esta primera formaci\u00f3n act\u00faa en diversos escenarios de C\u00f3rdoba y provincia, recibiendo una muy buena acogida por el p\u00fablico debido a su energ\u00eda, salvajismo y desfase. Vamos, lo que son los &#8220;conciertos punk hardcore underground&#8221;.<\/p>\n<h2>Llega la primera grabaci\u00f3n.\u00a0<\/h2>\n<p>Esta 4 ratas de cementerio realizan su primera grabaci\u00f3n \u201cTodos Muertos\u201d en 2008. Esta maqueta contiene 14 temas con letras crud\u00edsimas impregnadas de un asfixiante nihilismo existencial y falta de esperanza. A su vez transmiten una tremenda energ\u00eda y\u00a0brutal \u00edmpetu por pasarlo bien hasta el final. En este per\u00edodo, el grupo suena a una mezcla entre punk\u00a0vasco como RIP y Eskorbuto con otras muchas influencias m\u00e1s aceleradas como Exploited, Discharge, Chaos UK, Anti Cimex, MG15&#8230;<\/p>\n<h2>&#8220;4 ratas de cementerio&#8221; literalmente.<\/h2>\n<p>La localizaci\u00f3n del local de ensayo, en un anexo al cementerio municipal, y todas las vivencias all\u00ed vividas, influyen mucho y directamente sobre letras y m\u00fasica. Este hecho ejerce una influencia tan alta que marca la l\u00ednea de la banda e impregna un aura de tensi\u00f3n que se puede mascar en cada tema. En este per\u00edodo surgen temas considerados himnos entre los ac\u00f3litos del grupo, como Ratas de Cementerio o Arkada.<\/p>\n<h2>Las 4 ratas pasan a ser 3&#8230;<\/h2>\n<p>El 2009 supone un per\u00edodo de transici\u00f3n para el grupo. Chus, el bater\u00eda y un gran inform\u00e1tico, se marcha al extranjero y comienza su vida laboral. Al mismo tiempo, la banda abandona el local del cementerio que tanto les hab\u00eda marcado. Ah\u00ed llegan 2 golpes muy duros para la banda. Los conciertos paran y el grupo se dedica s\u00f3lo a componer temas, grabando\u00a0 el ep \u201c<a href=\"https:\/\/losputosarkada.bandcamp.com\/album\/todos-muertos\">Planeta Terror<\/a>\u201d que contiene dos temas m\u00edticos como Planeta Terror y Pogo. En esta grabaci\u00f3n, Kike se hace cargo de bater\u00eda y bajo, mientras que Veredas y Sergio tocan la guitarra y cantan. La influencia del d-beat en m\u00fasica y letras se hace m\u00e1s evidente.<\/p>\n<h2>&#8230;y de repente las 4 ratas se tornan solo 2.<\/h2>\n<p>Poco despu\u00e9s Sergio abandona la banda. Sergio hace sus estudios en Granada, dificultando bastante los ensayos a la vez que surgen problemas personales. Se van sumando factores que le empujan cada vez m\u00e1s a abandonar la banda quedando s\u00f3lo Kike y Veredas.<\/p>\n<h2>Nueva incorporaci\u00f3n. Resurgen las ratas de entre las cenizas como &#8220;Los Putos Arkada&#8221;.<\/h2>\n<p>A finales de 2009, <a href=\"https:\/\/www.instagram.com\/sanxez_fuck_n_roll\/\">S\u00e1nchez<\/a>, un bater\u00eda con gran experiencia en bandas de punk y rock desde mediados de los 90 (Oveja Negra (de C\u00f3rdoba 1996), <a href=\"https:\/\/alkhemit.com\/?fbclid=IwAR3TMXJALOmgve4ZPccisfz4QU1hCTxM6xu-GXpEJrlbRGQ19Ki6HUYRSH8\">Alkhemit<\/a>) se une al grupo. Este bater\u00eda\u00a0 incluso hab\u00eda participado en una gira por M\u00e9xico con Los Muertos de Cristo. A partir de aqu\u00ed comienzan a llamarse a s\u00ed mismos \u00abLos<br \/>Putos Arkada\u00bb, introducen algunas influencias extra de d-beat\/thrash y se vuelven mucho m\u00e1s extremos. Empiezan de nuevo los conciertos en Montilla, C\u00f3rdoba, Granada, Marinaleda y alrededores, en los cuales el desfase es total. El grupo comienza a usar intros de sirenas de guerra con bombazos y ametralladoras, est\u00e9tica thermonuclear y m\u00e1scaras antig\u00e1s. Debido a la admiraci\u00f3n de Kike por Lemmy introduce un bajo Rickenbacker 4003 y Veredas una Gibson Les Paul y desarrollan una tem\u00e1tica post-apocal\u00edptica.<\/p>\n<h2>Holocausto Nuclear. El discazo t\u00f3xico.<\/h2>\n<p>En esta \u00e9poca se componen temas como Moteros de Satan\u00e1s, Dios es un Mierda, Nosotros somos el Mal o Ladrones de Cad\u00e1veres entre otros. Todas estos temas est\u00e1n recogidos en la \u00faltima grabaci\u00f3n del grupo \u00ab<a href=\"https:\/\/losputosarkada.com\/en\/product\/holocausto-nuclear\/\">Holocausto Nuclear<\/a>\u00bb de 2010. Este disco es un compendio de 17 temazos aplastantes que uno tras otro no dejan t\u00edtere con cabeza, en lo musical y en lo l\u00edrico. Hasta 2012, la banda da conciertos memorables en la m\u00edtica sala ACDS (Asociaci\u00f3n Cultural Derechos Sonoros) de Montilla (montada entre otros por los miembros del grupo). Otros escenarios que sufrieron los pogos fueron la Casa Okupa de los 15 Gatxs en Granada, o la sala Palo-Palo en Marinaleda, entre otras. Grabaciones de algunos de estos conciertos pueden verse en Youtube.<\/p>\n<h2>2012. La gran tragedia<\/h2>\n<p>Este maldito a\u00f1o, es el a\u00f1o de \u00a1\u00a1la ruina!! Aparte de destrozar la vida de miles de familias en este pa\u00eds de s\u00e1trapas, tr\u00e1palas, ladrones o pol\u00edticos, son todos lo mismo, Kike abandona Espa\u00f1a por motivos laborales. No siendo poco el palazo que el grupo se lleva, poco despu\u00e9s le sigue S\u00e1nchez. Cada uno en pa\u00edses diferente, haciendo imposible la continuidad de la banda. El grupo queda en estado de hibernaci\u00f3n, actuando \u00fanicamente en espor\u00e1dicos pero apote\u00f3sicos conciertos en fechas se\u00f1aladas. Uno de los \u00faltimos, en diciembre de 2019 en Montilla, se realiza en homenaje a un amigo fallecido en aquella \u00e9poca.\u00a0 Este concierto supone un cl\u00edmax entre p\u00fablico y grupo, con un desfase generalizado y un ambiente de locura que dif\u00edcilmente podr\u00e1n olvidar los que asistieron. Fue brutal en todos los aspectos. Para sorpresa de los componentes y despu\u00e9s de tant\u00edsimo tiempo sin ensayar, el concierto fue impresionante (con sus fallitos por supuesto). Tan s\u00f3lo 3 ensayos antes del bolo y&#8230; \u00a1\u00a1\u00a1\u00a1fuegooooooo!!!!<\/p>\n<h2>Hasta pronto colega<\/h2>\n<p>Tras ello, el guitarrista Veredas deja la banda por motivos personales. Veredas es el complemento perfecto en esta banda. 3 tipos con la misma actitud en el escenario, con una complicidad total y 3 t\u00edos que se entienden a la perfecci\u00f3n y que van a una. Pero la vida es as\u00ed y te plantea nuevos retos. Nuevos objetivos y nuevas curiosidades sonoras que explorar. Desde entonces y hasta 2022, Los Putos Arkada se componen s\u00f3lo por S\u00e1nchez y Kike, quienes se dedican a componer nuevos temazos y a maquinar una estrategia para el futuro.<\/p>\n<h2>Llega un reemplazo de lujo<\/h2>\n<p>Finalmente, a mediados de 2022 se une al grupo Jos\u00e9, un guitarrista profesional con gran experiencia en directo y fan\u00e1tico de diversos estilos de metal extremo y progresivo. Jos\u00e9 se prepara un repertorio de 19 temas en un tiempo r\u00e9cord. Fue un gran reto para poder cumplir con la <a href=\"https:\/\/fack0ff-record.com\/index.php\/2023\/05\/03\/organizacion-conciertos\/\">organizaci\u00f3n de 4 conciertos<\/a> entre Espa\u00f1a y Suiza. Sin saber c\u00f3mo reaccionar\u00eda un p\u00fablico totalmente desconocido para la banda, lleg\u00f3 el d\u00eda de comprobarlo. Primer destino Parla (Madrid). La Sala Let\u00b4s Go fue la primera prueba. Descargando su energ\u00eda con m\u00e1s intensidad que nunca y recibiendo a cambio una absoluta e incondicional entrega del p\u00fablico asistente. Fue sin duda alguna y despu\u00e9s de los obst\u00e1culos del camino, un tremendo soplo de aire fresco para el grupo. Despu\u00e9s le sigui\u00f3 Basilea (Suiza). Basile fue el destino de trabajo en 2015 para S\u00e1nchez. La &#8220;klein Basel&#8221; o &#8220;peque\u00f1a Basilea&#8221; es una ciudad multicultural digna de conocer y la que recomendamos encarecidamente su visita. El destino fue el m\u00edtico Restaurante y colectivo pol\u00edtico Hirscheneck con m\u00e1s de 40 a\u00f1os de historia. Siguiente destino Cantabria. En concreto Cabez\u00f3n de la sal donde debemos agradecer al Bar el Soti, el cual no existe m\u00e1s debido como siempre a quejas de vecinos y mala gente. Y deber\u00edamos de haber concluido el 4\u00ba concierto en &#8220;A Coru\u00f1a&#8221;, cosa que no pas\u00f3 gracias al organizador del que ya hablaremos alg\u00fan d\u00eda. No se puede jugar con personas que van a hacer 4000km para despu\u00e9s, a 2 d\u00edas del bolo no saber si se hace el concierto o no. Solo nos queda que nos llamen del &#8220;Resurrection Fest&#8221;&#8230; no hay wevos!! Jajajaja<\/p>\n<figure id=\"attachment_2574\" aria-describedby=\"caption-attachment-2574\" style=\"width: 314px\" class=\"wp-caption alignnone\"><img fetchpriority=\"high\" decoding=\"async\" src=\"https:\/\/losputosarkada.com\/wp-content\/uploads\/2023\/01\/Video-de-TikTok-Dinamico-Grunge-Amarillo-Negro-Morado-314x559.png\" alt=\"Portada del tema &quot;\u00daltima psicosis&quot;\" width=\"314\" height=\"559\" \/><figcaption id=\"caption-attachment-2574\" class=\"wp-caption-text\">Los Putos Arkda. Portada del tema &#8220;\u00daltima psicosis&#8221;<\/figcaption><\/figure>\n<h2>Los Putos Arkada, 4 ratas de cementerio otra vez y ahora m\u00e1s ratas que nunca.<\/h2>\n<p>A la vuelta de la mini gira pasa un c\u00famulo de sucesos entre los que est\u00e1 un miembro originario de la banda. Sergio. El primigenio cantante y guitarrista pasa por un momento delicado en el que \u00e9l mismo decide que la m\u00fasica es la soluci\u00f3n a todos sus problemas. Sin duda alguna lo es. De momento, por la complejidad que los temas han cogido con el tiempo, por su velocidad y arreglos, optan por quedar como vocalista. As\u00ed se da respiro a Kike, que hasta ahora fue el vocalista principal. El gran problema es que, si bien Los Putos Arkada no son un grupo t\u00e9cnicamente virtuoso, si que es bastante complejo a la hora de ejecutar los temas. La voz en &#8220;La trilog\u00eda de la muerte&#8221; es demoledora para una sola persona que adem\u00e1s toca un instrumento y se mueve por el escenario. Toca ponerse a prueba en lo alto del escenario despu\u00e9s de casi 13 a\u00f1os despu\u00e9s. El sitio elegido fue &#8220;El Tugurio&#8221;. Un colectivo totalmente aut\u00f3nomo que ofrecen un sitio en C\u00f3rdoba para grupos que van de paso. Y all\u00ed fue el nuevo estreno de Sergio despu\u00e9s de tanto tiempo con una notable actuaci\u00f3n. Gran enganche entre p\u00fablico, banda y cantante. Por tanto y de momento as\u00ed queda la banda. Con sus 4 ratas de cementerio, de nuevo, descargando toda esa mierda interna que cada uno porta en su mochila personal.\u00a0<\/p>\n<h2>La trilog\u00eda de la muerte<\/h2>\n<p>Llamamos &#8220;La trilog\u00eda de la muerte&#8221; a 3 de los 4 temas que tratan sobre la estancia y vivencias en el local del cementerio. &#8220;Paseando por el cementerio&#8221;, &#8220;Ratas de cementerio&#8221; y &#8220;La despedida&#8221;. Estos 3 temas m\u00e1s &#8220;Arkada&#8221; son canciones directamente creadas en, por y para el local de ensayo anexo al cementerio Municipal. Particularmente las tres primeras, a la hora de cantarlas, desgastan bastante para una sola persona. Sobre todo &#8220;La despedida&#8221;, la cual ejecutaba a la perfecci\u00f3n Veredas y que su papel en el tema no es trabajo sencillo para los dem\u00e1s.\u00a0 Tres temazos impregnados de la oscuridad, la pesadez y la angustia que provocaba el recinto a estos j\u00f3venes chicos. Si a esto se le suman algunas sustancias &#8220;divertidas&#8221;, las experiencias se tornaban tan angustiosas como queridas.<\/p>\n<h2>En la actualidad de estas ratas&#8230;<\/h2>\n<p>A d\u00eda de hoy, Los Putos Arkada disponen de un brutal repertorio de temas cl\u00e1sicos y nuevos que no dejan a nadie indiferente. Aunque aun sigue el problema del trabajo en distintos pa\u00edses, si que est\u00e1n listos para quemar cualquier escenario que se atreva a albergarlos. Vuelos expr\u00e9s, voluntad plena y necesidad de mantener las cabezas activas con la m\u00fasica. Terapia, Hobby y placer \u00a1en la misma escena! \u00a1En la misma banda! En diferentes pa\u00edses y a la vez \u00a1SIN FRONTERAS!<\/p>","protected":false},"excerpt":{"rendered":"<p>4 ratas de cementerio.\u00a0 \u00bfY a qui\u00e9n le importa esto? \u00bfEsta historia es solo &#8220;rock and roll&#8221;? Pues si est\u00e1s aqu\u00ed es porque te ha picado la curiosidad de estos tipos&#8230; \u00bfEn serio? \u00bfNo tienes nada mejor que hacer? Bueno, pues nada, seguimos adelante. \u00bfQu\u00e9 vas a encontrar aqu\u00ed sobre estas 4 ratas? Pues bien, [&hellip;]<\/p>","protected":false},"author":1,"featured_media":2547,"parent":0,"menu_order":0,"comment_status":"closed","ping_status":"closed","template":"","meta":{"om_disable_all_campaigns":false,"footnotes":""},"class_list":["post-2741","page","type-page","status-publish","has-post-thumbnail","hentry","has-post-title","has-post-date","has-post-category","has-post-tag","has-post-comment","has-post-author",""],"aioseo_notices":[],"yoast_head":"<!-- This site is optimized with the Yoast SEO Premium plugin v20.1 (Yoast SEO v24.6) - https:\/\/yoast.com\/wordpress\/plugins\/seo\/ -->\n<title>Somos 4 Ratas de cementerio - Los Putos Arkada<\/title>\n<meta name=\"description\" content=\"Biograf\u00eda de Los Putos Arkada. \u00bfCu\u00e1ndo se fund\u00f3? \u00bfC\u00f3mo? \u00bfPor qu\u00e9? Compleja historia como tantas, de una banda de Punk Hardcore Thrash.\" \/>\n<meta name=\"robots\" content=\"index, follow, max-snippet:-1, max-image-preview:large, max-video-preview:-1\" \/>\n<link rel=\"canonical\" href=\"https:\/\/losputosarkada.com\/en\/blog-somos-4-ratas-de-cementerio-los-putos-arkada\/\" \/>\n<meta property=\"og:locale\" content=\"en_US\" \/>\n<meta property=\"og:type\" content=\"article\" \/>\n<meta property=\"og:title\" content=\"Somos 4 ratas de cementerio\" \/>\n<meta property=\"og:description\" content=\"Biograf\u00eda de Los Putos Arkada. \u00bfCu\u00e1ndo se fund\u00f3? \u00bfC\u00f3mo? \u00bfPor qu\u00e9? Compleja historia como tantas, de una banda de Punk Hardcore Thrash.\" \/>\n<meta property=\"og:url\" content=\"https:\/\/losputosarkada.com\/en\/blog-somos-4-ratas-de-cementerio-los-putos-arkada\/\" \/>\n<meta property=\"og:site_name\" content=\"Los Putos Arkada\" \/>\n<meta property=\"article:modified_time\" content=\"2023-05-09T04:46:52+00:00\" \/>\n<meta property=\"og:image\" content=\"https:\/\/losputosarkada.com\/wp-content\/uploads\/2023\/01\/04-1.jpg\" \/>\n\t<meta property=\"og:image:width\" content=\"2130\" \/>\n\t<meta property=\"og:image:height\" content=\"1328\" \/>\n\t<meta property=\"og:image:type\" content=\"image\/jpeg\" \/>\n<meta name=\"twitter:card\" content=\"summary_large_image\" \/>\n<meta name=\"twitter:label1\" content=\"Est. reading time\" \/>\n\t<meta name=\"twitter:data1\" content=\"9 minutes\" \/>\n<script type=\"application\/ld+json\" class=\"yoast-schema-graph\">{\"@context\":\"https:\/\/schema.org\",\"@graph\":[{\"@type\":\"WebPage\",\"@id\":\"https:\/\/losputosarkada.com\/blog-somos-4-ratas-de-cementerio-los-putos-arkada\/\",\"url\":\"https:\/\/losputosarkada.com\/blog-somos-4-ratas-de-cementerio-los-putos-arkada\/\",\"name\":\"Somos 4 Ratas de cementerio - Los Putos Arkada\",\"isPartOf\":{\"@id\":\"https:\/\/losputosarkada.com\/#website\"},\"primaryImageOfPage\":{\"@id\":\"https:\/\/losputosarkada.com\/blog-somos-4-ratas-de-cementerio-los-putos-arkada\/#primaryimage\"},\"image\":{\"@id\":\"https:\/\/losputosarkada.com\/blog-somos-4-ratas-de-cementerio-los-putos-arkada\/#primaryimage\"},\"thumbnailUrl\":\"https:\/\/losputosarkada.com\/wp-content\/uploads\/2023\/01\/04-1.jpg\",\"datePublished\":\"2023-02-18T13:13:09+00:00\",\"dateModified\":\"2023-05-09T04:46:52+00:00\",\"description\":\"Biograf\u00eda de Los Putos Arkada. \u00bfCu\u00e1ndo se fund\u00f3? \u00bfC\u00f3mo? \u00bfPor qu\u00e9? Compleja historia como tantas, de una banda de Punk Hardcore Thrash.\",\"breadcrumb\":{\"@id\":\"https:\/\/losputosarkada.com\/blog-somos-4-ratas-de-cementerio-los-putos-arkada\/#breadcrumb\"},\"inLanguage\":\"en-US\",\"potentialAction\":[{\"@type\":\"ReadAction\",\"target\":[\"https:\/\/losputosarkada.com\/blog-somos-4-ratas-de-cementerio-los-putos-arkada\/\"]}]},{\"@type\":\"ImageObject\",\"inLanguage\":\"en-US\",\"@id\":\"https:\/\/losputosarkada.com\/blog-somos-4-ratas-de-cementerio-los-putos-arkada\/#primaryimage\",\"url\":\"https:\/\/losputosarkada.com\/wp-content\/uploads\/2023\/01\/04-1.jpg\",\"contentUrl\":\"https:\/\/losputosarkada.com\/wp-content\/uploads\/2023\/01\/04-1.jpg\",\"width\":2130,\"height\":1328,\"caption\":\"4 ratas de cementerio\"},{\"@type\":\"BreadcrumbList\",\"@id\":\"https:\/\/losputosarkada.com\/blog-somos-4-ratas-de-cementerio-los-putos-arkada\/#breadcrumb\",\"itemListElement\":[{\"@type\":\"ListItem\",\"position\":1,\"name\":\"Portada\",\"item\":\"https:\/\/losputosarkada.com\/\"},{\"@type\":\"ListItem\",\"position\":2,\"name\":\"Somos 4 ratas de cementerio\"}]},{\"@type\":\"WebSite\",\"@id\":\"https:\/\/losputosarkada.com\/#website\",\"url\":\"https:\/\/losputosarkada.com\/\",\"name\":\"Los Putos Arkada\",\"description\":\"Punk Hardcore Trash Post-Apocal\u00edptico\",\"potentialAction\":[{\"@type\":\"SearchAction\",\"target\":{\"@type\":\"EntryPoint\",\"urlTemplate\":\"https:\/\/losputosarkada.com\/?s={search_term_string}\"},\"query-input\":{\"@type\":\"PropertyValueSpecification\",\"valueRequired\":true,\"valueName\":\"search_term_string\"}}],\"inLanguage\":\"en-US\"}]}<\/script>\n<!-- \/ Yoast SEO Premium plugin. -->","yoast_head_json":{"title":"Somos 4 Ratas de cementerio - Los Putos Arkada","description":"Biograf\u00eda de Los Putos Arkada. \u00bfCu\u00e1ndo se fund\u00f3? \u00bfC\u00f3mo? \u00bfPor qu\u00e9? Compleja historia como tantas, de una banda de Punk Hardcore Thrash.","robots":{"index":"index","follow":"follow","max-snippet":"max-snippet:-1","max-image-preview":"max-image-preview:large","max-video-preview":"max-video-preview:-1"},"canonical":"https:\/\/losputosarkada.com\/en\/blog-somos-4-ratas-de-cementerio-los-putos-arkada\/","og_locale":"en_US","og_type":"article","og_title":"Somos 4 ratas de cementerio","og_description":"Biograf\u00eda de Los Putos Arkada. \u00bfCu\u00e1ndo se fund\u00f3? \u00bfC\u00f3mo? \u00bfPor qu\u00e9? Compleja historia como tantas, de una banda de Punk Hardcore Thrash.","og_url":"https:\/\/losputosarkada.com\/en\/blog-somos-4-ratas-de-cementerio-los-putos-arkada\/","og_site_name":"Los Putos Arkada","article_modified_time":"2023-05-09T04:46:52+00:00","og_image":[{"width":2130,"height":1328,"url":"https:\/\/losputosarkada.com\/wp-content\/uploads\/2023\/01\/04-1.jpg","type":"image\/jpeg"}],"twitter_card":"summary_large_image","twitter_misc":{"Est. reading time":"9 minutes"},"schema":{"@context":"https:\/\/schema.org","@graph":[{"@type":"WebPage","@id":"https:\/\/losputosarkada.com\/blog-somos-4-ratas-de-cementerio-los-putos-arkada\/","url":"https:\/\/losputosarkada.com\/blog-somos-4-ratas-de-cementerio-los-putos-arkada\/","name":"Somos 4 Ratas de cementerio - Los Putos Arkada","isPartOf":{"@id":"https:\/\/losputosarkada.com\/#website"},"primaryImageOfPage":{"@id":"https:\/\/losputosarkada.com\/blog-somos-4-ratas-de-cementerio-los-putos-arkada\/#primaryimage"},"image":{"@id":"https:\/\/losputosarkada.com\/blog-somos-4-ratas-de-cementerio-los-putos-arkada\/#primaryimage"},"thumbnailUrl":"https:\/\/losputosarkada.com\/wp-content\/uploads\/2023\/01\/04-1.jpg","datePublished":"2023-02-18T13:13:09+00:00","dateModified":"2023-05-09T04:46:52+00:00","description":"Biograf\u00eda de Los Putos Arkada. \u00bfCu\u00e1ndo se fund\u00f3? \u00bfC\u00f3mo? \u00bfPor qu\u00e9? Compleja historia como tantas, de una banda de Punk Hardcore Thrash.","breadcrumb":{"@id":"https:\/\/losputosarkada.com\/blog-somos-4-ratas-de-cementerio-los-putos-arkada\/#breadcrumb"},"inLanguage":"en-US","potentialAction":[{"@type":"ReadAction","target":["https:\/\/losputosarkada.com\/blog-somos-4-ratas-de-cementerio-los-putos-arkada\/"]}]},{"@type":"ImageObject","inLanguage":"en-US","@id":"https:\/\/losputosarkada.com\/blog-somos-4-ratas-de-cementerio-los-putos-arkada\/#primaryimage","url":"https:\/\/losputosarkada.com\/wp-content\/uploads\/2023\/01\/04-1.jpg","contentUrl":"https:\/\/losputosarkada.com\/wp-content\/uploads\/2023\/01\/04-1.jpg","width":2130,"height":1328,"caption":"4 ratas de cementerio"},{"@type":"BreadcrumbList","@id":"https:\/\/losputosarkada.com\/blog-somos-4-ratas-de-cementerio-los-putos-arkada\/#breadcrumb","itemListElement":[{"@type":"ListItem","position":1,"name":"Portada","item":"https:\/\/losputosarkada.com\/"},{"@type":"ListItem","position":2,"name":"Somos 4 ratas de cementerio"}]},{"@type":"WebSite","@id":"https:\/\/losputosarkada.com\/#website","url":"https:\/\/losputosarkada.com\/","name":"Los Putos Arkada","description":"Punk Hardcore Trash Post-Apocal\u00edptico","potentialAction":[{"@type":"SearchAction","target":{"@type":"EntryPoint","urlTemplate":"https:\/\/losputosarkada.com\/?s={search_term_string}"},"query-input":{"@type":"PropertyValueSpecification","valueRequired":true,"valueName":"search_term_string"}}],"inLanguage":"en-US"}]}},"builder_content":"","_links":{"self":[{"href":"https:\/\/losputosarkada.com\/en\/wp-json\/wp\/v2\/pages\/2741","targetHints":{"allow":["GET"]}}],"collection":[{"href":"https:\/\/losputosarkada.com\/en\/wp-json\/wp\/v2\/pages"}],"about":[{"href":"https:\/\/losputosarkada.com\/en\/wp-json\/wp\/v2\/types\/page"}],"author":[{"embeddable":true,"href":"https:\/\/losputosarkada.com\/en\/wp-json\/wp\/v2\/users\/1"}],"replies":[{"embeddable":true,"href":"https:\/\/losputosarkada.com\/en\/wp-json\/wp\/v2\/comments?post=2741"}],"version-history":[{"count":57,"href":"https:\/\/losputosarkada.com\/en\/wp-json\/wp\/v2\/pages\/2741\/revisions"}],"predecessor-version":[{"id":3125,"href":"https:\/\/losputosarkada.com\/en\/wp-json\/wp\/v2\/pages\/2741\/revisions\/3125"}],"wp:featuredmedia":[{"embeddable":true,"href":"https:\/\/losputosarkada.com\/en\/wp-json\/wp\/v2\/media\/2547"}],"wp:attachment":[{"href":"https:\/\/losputosarkada.com\/en\/wp-json\/wp\/v2\/media?parent=2741"}],"curies":[{"name":"wp","href":"https:\/\/api.w.org\/{rel}","templated":true}]}}